{"id":664,"date":"2025-11-17T09:04:06","date_gmt":"2025-11-17T09:04:06","guid":{"rendered":"https:\/\/arielleellia.com\/?page_id=664"},"modified":"2026-01-10T14:05:58","modified_gmt":"2026-01-10T14:05:58","slug":"e-card","status":"publish","type":"page","link":"https:\/\/arielleellia.com\/","title":{"rendered":""},"content":{"rendered":"\n<p style=\"font-size:30px\"><em><strong>Service administratif \u00e0 la carte ou freelance :<\/strong><\/em><\/p>\n\n\n<div class=\"wp-block-image is-style-default\">\n<figure class=\"aligncenter size-full is-resized\"><a href=\"https:\/\/arielleellia.com\/index.php\/simply-admin-est-un-service-de-gestion-administrative-a-la-carte-et-sur-mesure-selon-les-besoins-de-votre-entreprise\/\"><img loading=\"lazy\" decoding=\"async\" width=\"780\" height=\"780\" src=\"https:\/\/arielleellia.com\/wp-content\/uploads\/2026\/01\/IMG_7666.png\" alt=\"\" class=\"wp-image-1080\" style=\"width:780px;height:auto\" srcset=\"https:\/\/arielleellia.com\/wp-content\/uploads\/2026\/01\/IMG_7666.png 780w, https:\/\/arielleellia.com\/wp-content\/uploads\/2026\/01\/IMG_7666-300x300.png 300w, https:\/\/arielleellia.com\/wp-content\/uploads\/2026\/01\/IMG_7666-150x150.png 150w, https:\/\/arielleellia.com\/wp-content\/uploads\/2026\/01\/IMG_7666-768x768.png 768w\" sizes=\"auto, (max-width: 780px) 85vw, 780px\" \/><\/a><\/figure>\n<\/div>\n\n\n<p class=\"has-text-align-center has-medium-font-size\"><em><strong>Pour en savoir plus, cliquez sur le visuel <\/strong><\/em><strong><em>ci-de<\/em>ssus <\/strong><\/p>\n\n\n\n<p><\/p>\n\n\n\n<p class=\"has-white-background-color has-background\" style=\"font-size:18px\"><em>Accompagnement administratif sur mesure, flexible et efficace, adapt\u00e9 aux besoins des entreprises et organisations. La solution cl\u00e9 en main pour d\u00e9l\u00e9guer l\u2019administratif et se concentrer sur le d\u00e9veloppement et la croissance de votre activit\u00e9.<\/em><\/p>\n\n\n\n<p><\/p>\n\n\n\n<p style=\"font-size:30px\" data-aos=\"fade-down-right\" data-aos-duration=\"950\"><em><strong>Un coup de boost \u00e0 votre com&#8230;<\/strong><\/em><\/p>\n\n\n\n<p><\/p>\n\n\n<div class=\"wp-block-image is-style-rounded\">\n<figure class=\"aligncenter size-full\"><img loading=\"lazy\" decoding=\"async\" width=\"780\" height=\"780\" src=\"https:\/\/arielleellia.com\/wp-content\/uploads\/2026\/01\/1767973646.122669-74AEC3C4-821E-419B-8BD4-3013EB697310.png\" alt=\"\" class=\"wp-image-1024\" srcset=\"https:\/\/arielleellia.com\/wp-content\/uploads\/2026\/01\/1767973646.122669-74AEC3C4-821E-419B-8BD4-3013EB697310.png 780w, https:\/\/arielleellia.com\/wp-content\/uploads\/2026\/01\/1767973646.122669-74AEC3C4-821E-419B-8BD4-3013EB697310-300x300.png 300w, https:\/\/arielleellia.com\/wp-content\/uploads\/2026\/01\/1767973646.122669-74AEC3C4-821E-419B-8BD4-3013EB697310-150x150.png 150w, https:\/\/arielleellia.com\/wp-content\/uploads\/2026\/01\/1767973646.122669-74AEC3C4-821E-419B-8BD4-3013EB697310-768x768.png 768w\" sizes=\"auto, (max-width: 780px) 85vw, 780px\" \/><\/figure>\n<\/div>\n\n\n<p><\/p>\n\n\n\n<p><\/p>\n\n\n<div class=\"wp-block-image\">\n<figure class=\"aligncenter size-large\" data-aos=\"slide-right\" data-aos-duration=\"1100\" data-aos-once=\"true\"><a href=\"https:\/\/webcomdesign.fr\/\"><img loading=\"lazy\" decoding=\"async\" width=\"1024\" height=\"512\" src=\"https:\/\/arielleellia.com\/wp-content\/uploads\/2025\/11\/1763532913.872748-2E241D05-FC0E-4B3F-A57C-AAE62C799000-1024x512.png\" alt=\"\" class=\"wp-image-812\" srcset=\"https:\/\/arielleellia.com\/wp-content\/uploads\/2025\/11\/1763532913.872748-2E241D05-FC0E-4B3F-A57C-AAE62C799000-1024x512.png 1024w, https:\/\/arielleellia.com\/wp-content\/uploads\/2025\/11\/1763532913.872748-2E241D05-FC0E-4B3F-A57C-AAE62C799000-300x150.png 300w, https:\/\/arielleellia.com\/wp-content\/uploads\/2025\/11\/1763532913.872748-2E241D05-FC0E-4B3F-A57C-AAE62C799000-768x384.png 768w, https:\/\/arielleellia.com\/wp-content\/uploads\/2025\/11\/1763532913.872748-2E241D05-FC0E-4B3F-A57C-AAE62C799000-1536x768.png 1536w, https:\/\/arielleellia.com\/wp-content\/uploads\/2025\/11\/1763532913.872748-2E241D05-FC0E-4B3F-A57C-AAE62C799000-2048x1025.png 2048w, https:\/\/arielleellia.com\/wp-content\/uploads\/2025\/11\/1763532913.872748-2E241D05-FC0E-4B3F-A57C-AAE62C799000-1200x600.png 1200w\" sizes=\"auto, (max-width: 709px) 85vw, (max-width: 909px) 67vw, (max-width: 1362px) 62vw, 840px\" \/><\/a><\/figure>\n<\/div>\n\n\n<p><\/p>\n\n\n\n<p class=\"has-text-align-left\" style=\"font-size:30px\"><em><strong>Une envie d&rsquo;\u00e9vasion&#8230; <\/strong><\/em><\/p>\n\n\n\n<p class=\"has-text-align-left\" style=\"font-size:30px\"><em><strong>Faites votre valise et partez pour un s\u00e9jour en immersion chez l&rsquo;habitant dans la ville d&rsquo;Ashkelon<\/strong><\/em><\/p>\n\n\n\n<p><\/p>\n\n\n<div class=\"wp-block-image\">\n<figure class=\"aligncenter size-large\"><a href=\"http:\/\/airbnb.com\/h\/chambre-a-louer-ashkelon-proche-plage-chez-lhabitant\"><img loading=\"lazy\" decoding=\"async\" width=\"1024\" height=\"313\" src=\"https:\/\/arielleellia.com\/wp-content\/uploads\/2026\/01\/IMG_7662-1024x313.jpeg\" alt=\"\" class=\"wp-image-946\" srcset=\"https:\/\/arielleellia.com\/wp-content\/uploads\/2026\/01\/IMG_7662-1024x313.jpeg 1024w, https:\/\/arielleellia.com\/wp-content\/uploads\/2026\/01\/IMG_7662-300x92.jpeg 300w, https:\/\/arielleellia.com\/wp-content\/uploads\/2026\/01\/IMG_7662-768x234.jpeg 768w, https:\/\/arielleellia.com\/wp-content\/uploads\/2026\/01\/IMG_7662-1536x469.jpeg 1536w, https:\/\/arielleellia.com\/wp-content\/uploads\/2026\/01\/IMG_7662-2048x625.jpeg 2048w, https:\/\/arielleellia.com\/wp-content\/uploads\/2026\/01\/IMG_7662-1200x366.jpeg 1200w\" sizes=\"auto, (max-width: 709px) 85vw, (max-width: 909px) 67vw, (max-width: 1362px) 62vw, 840px\" \/><\/a><\/figure>\n<\/div>\n\n<div class=\"wp-block-image\">\n<figure class=\"aligncenter size-large\" data-aos=\"flip-left\" data-aos-duration=\"1000\"><a href=\"http:\/\/airbnb.com\/h\/chambre-a-louer-ashkelon-proche-plage-chez-lhabitant\"><img loading=\"lazy\" decoding=\"async\" width=\"1024\" height=\"1024\" src=\"https:\/\/arielleellia.com\/wp-content\/uploads\/2026\/01\/IMG_7661-1024x1024.jpeg\" alt=\"\" class=\"wp-image-945\" srcset=\"https:\/\/arielleellia.com\/wp-content\/uploads\/2026\/01\/IMG_7661-1024x1024.jpeg 1024w, https:\/\/arielleellia.com\/wp-content\/uploads\/2026\/01\/IMG_7661-300x300.jpeg 300w, https:\/\/arielleellia.com\/wp-content\/uploads\/2026\/01\/IMG_7661-150x150.jpeg 150w, https:\/\/arielleellia.com\/wp-content\/uploads\/2026\/01\/IMG_7661-768x768.jpeg 768w, https:\/\/arielleellia.com\/wp-content\/uploads\/2026\/01\/IMG_7661-1536x1536.jpeg 1536w, https:\/\/arielleellia.com\/wp-content\/uploads\/2026\/01\/IMG_7661-2048x2048.jpeg 2048w\" sizes=\"auto, (max-width: 709px) 85vw, (max-width: 909px) 67vw, (max-width: 1362px) 62vw, 840px\" \/><\/a><\/figure>\n<\/div>\n\n\n<p><\/p>\n\n\n\n<p class=\"has-text-align-center\" style=\"font-size:18px\"><strong><em><a href=\"http:\/\/airbnb.com\/h\/chambre-a-louer-ashkelon-proche-plage-chez-lhabitant\">Pour r\u00e9server uniquement l&rsquo;h\u00e9bergement et acc\u00e9der aux informations ainsi qu&rsquo;au calendrier, cliquez sur le visuel ci-dessous<\/a><\/em><\/strong><\/p>\n\n\n<div class=\"wp-block-image\">\n<figure class=\"aligncenter\"><a href=\"http:\/\/airbnb.com\/h\/chambre-a-louer-ashkelon-proche-plage-chez-lhabitant\"><img loading=\"lazy\" decoding=\"async\" width=\"780\" height=\"780\" src=\"https:\/\/arielleellia.com\/wp-content\/uploads\/2026\/01\/IMG_7678.jpeg\" alt=\"\" class=\"wp-image-963\" srcset=\"https:\/\/arielleellia.com\/wp-content\/uploads\/2026\/01\/IMG_7678.jpeg 780w, https:\/\/arielleellia.com\/wp-content\/uploads\/2026\/01\/IMG_7678-300x300.jpeg 300w, https:\/\/arielleellia.com\/wp-content\/uploads\/2026\/01\/IMG_7678-150x150.jpeg 150w, https:\/\/arielleellia.com\/wp-content\/uploads\/2026\/01\/IMG_7678-768x768.jpeg 768w\" sizes=\"auto, (max-width: 780px) 85vw, 780px\" \/><\/a><\/figure>\n<\/div>\n\n\n<p class=\"has-medium-font-size\"><\/p>\n\n\n\n<p class=\"has-medium-font-size\"><strong><em><a href=\"https:\/\/arielleellia.com\/index.php\/ashkelon-sejour-en-immersion\/\">Pour en savoir plus sur votre s\u00e9jour \u00a0\u00bb En immersion\u00a0\u00bb, cliquez ici : <\/a><\/em><\/strong><\/p>\n\n\n\n<p><\/p>\n\n\n<div class=\"wp-block-image\">\n<figure class=\"aligncenter size-large\"><a href=\"https:\/\/arielleellia.com\/index.php\/contact\/\"><img loading=\"lazy\" decoding=\"async\" width=\"1024\" height=\"1024\" src=\"https:\/\/arielleellia.com\/wp-content\/uploads\/2025\/11\/1763559424.001834-02236758-8513-43A0-8B49-74CC91E8AA79-1024x1024.png\" alt=\"\" class=\"wp-image-870\" srcset=\"https:\/\/arielleellia.com\/wp-content\/uploads\/2025\/11\/1763559424.001834-02236758-8513-43A0-8B49-74CC91E8AA79-1024x1024.png 1024w, https:\/\/arielleellia.com\/wp-content\/uploads\/2025\/11\/1763559424.001834-02236758-8513-43A0-8B49-74CC91E8AA79-300x300.png 300w, https:\/\/arielleellia.com\/wp-content\/uploads\/2025\/11\/1763559424.001834-02236758-8513-43A0-8B49-74CC91E8AA79-150x150.png 150w, https:\/\/arielleellia.com\/wp-content\/uploads\/2025\/11\/1763559424.001834-02236758-8513-43A0-8B49-74CC91E8AA79-768x769.png 768w, https:\/\/arielleellia.com\/wp-content\/uploads\/2025\/11\/1763559424.001834-02236758-8513-43A0-8B49-74CC91E8AA79-1534x1536.png 1534w, https:\/\/arielleellia.com\/wp-content\/uploads\/2025\/11\/1763559424.001834-02236758-8513-43A0-8B49-74CC91E8AA79-1200x1201.png 1200w, https:\/\/arielleellia.com\/wp-content\/uploads\/2025\/11\/1763559424.001834-02236758-8513-43A0-8B49-74CC91E8AA79.png 1716w\" sizes=\"auto, (max-width: 709px) 85vw, (max-width: 909px) 67vw, (max-width: 1362px) 62vw, 840px\" \/><\/a><\/figure>\n<\/div>\n\n\n<div class=\"wp-block-columns is-layout-flex wp-container-core-columns-is-layout-9d6595d7 wp-block-columns-is-layout-flex\">\n<div class=\"wp-block-column is-vertically-aligned-center is-layout-flow wp-block-column-is-layout-flow\"><\/div>\n<\/div>\n\n\n\n<p><\/p>\n\n\n\n<p>.<\/p>\n\n\n\n<p><\/p>\n","protected":false},"excerpt":{"rendered":"<p>Service administratif \u00e0 la carte ou freelance : Pour en savoir plus, cliquez sur le visuel ci-dessus Accompagnement administratif sur mesure, flexible et efficace, adapt\u00e9 aux besoins des entreprises et organisations. La solution cl\u00e9 en main pour d\u00e9l\u00e9guer l\u2019administratif et se concentrer sur le d\u00e9veloppement et la croissance de votre activit\u00e9. Un coup de boost &hellip; <a href=\"https:\/\/arielleellia.com\/\" class=\"more-link\">Continue reading<span class=\"screen-reader-text\"> \u00ab\u00a0\u00a0\u00bb<\/span><\/a><\/p>\n","protected":false},"author":1,"featured_media":0,"parent":0,"menu_order":0,"comment_status":"closed","ping_status":"closed","template":"","meta":{"footnotes":""},"class_list":["post-664","page","type-page","status-publish","hentry"],"_links":{"self":[{"href":"https:\/\/arielleellia.com\/index.php\/wp-json\/wp\/v2\/pages\/664","targetHints":{"allow":["GET"]}}],"collection":[{"href":"https:\/\/arielleellia.com\/index.php\/wp-json\/wp\/v2\/pages"}],"about":[{"href":"https:\/\/arielleellia.com\/index.php\/wp-json\/wp\/v2\/types\/page"}],"author":[{"embeddable":true,"href":"https:\/\/arielleellia.com\/index.php\/wp-json\/wp\/v2\/users\/1"}],"replies":[{"embeddable":true,"href":"https:\/\/arielleellia.com\/index.php\/wp-json\/wp\/v2\/comments?post=664"}],"version-history":[{"count":200,"href":"https:\/\/arielleellia.com\/index.php\/wp-json\/wp\/v2\/pages\/664\/revisions"}],"predecessor-version":[{"id":1128,"href":"https:\/\/arielleellia.com\/index.php\/wp-json\/wp\/v2\/pages\/664\/revisions\/1128"}],"wp:attachment":[{"href":"https:\/\/arielleellia.com\/index.php\/wp-json\/wp\/v2\/media?parent=664"}],"curies":[{"name":"wp","href":"https:\/\/api.w.org\/{rel}","templated":true}]}}