{"id":358,"date":"2025-07-11T16:13:02","date_gmt":"2025-07-11T16:13:02","guid":{"rendered":"https:\/\/arielleellia.com\/?page_id=358"},"modified":"2025-09-14T19:51:43","modified_gmt":"2025-09-14T19:51:43","slug":"biografia","status":"publish","type":"page","link":"https:\/\/arielleellia.com\/index.php\/biografia\/","title":{"rendered":"BIOGRAFIA"},"content":{"rendered":"\n<p><\/p>\n\n\n\n<p>Nata a Montmartre (Parigi), Arielle \u00e8 cresciuta circondata dalla sua famiglia composta dai genitori, dai suoi due fratelli minori, nonch\u00e9 dalle nonne e bisnonne che abitavano nello stesso appartamento. Ha frequentato la scuola attiva bilingue a Parigi, poi ha seguito per due anni un corso sportivo con specializzazione in equitazione. Appassionata di cavalli, trascorreva il suo tempo libero in loro compagnia.<\/p>\n\n\n\n<p><\/p>\n\n\n\n<p>Dopo aver lavorato in diverse aziende, Arielle Ellia si dedica oggi alla crescita della sua impresa di comunicazione <strong>WEBCOMDESIGN<\/strong>, fondata nel 2021, offrendo numerosi servizi legati all\u2019immagine, che le permettono di dare libero sfogo al suo spirito creativo.<\/p>\n\n\n\n<figure class=\"wp-block-gallery has-nested-images columns-3 is-cropped has-white-background-color has-background wp-block-gallery-1 is-layout-flex wp-block-gallery-is-layout-flex\">\n<figure class=\"wp-block-image size-medium wp-duotone-grayscale\"><img decoding=\"async\" data-id=\"510\" src=\"https:\/\/arielleellia.com\/wp-content\/uploads\/2025\/09\/5-300x300.png\" alt=\"\" class=\"wp-image-510\"\/><\/figure>\n\n\n\n<figure class=\"wp-block-image size-large wp-duotone-grayscale\"><img decoding=\"async\" data-id=\"511\" src=\"https:\/\/arielleellia.com\/wp-content\/uploads\/2025\/09\/6-718x1024.jpeg\" alt=\"\" class=\"wp-image-511\"\/><\/figure>\n\n\n\n<figure class=\"wp-block-image size-large wp-duotone-grayscale\"><img loading=\"lazy\" decoding=\"async\" width=\"769\" height=\"1024\" data-id=\"209\" src=\"https:\/\/arielleellia.com\/wp-content\/uploads\/2025\/07\/IMG_6007-769x1024.jpeg\" alt=\"\" class=\"wp-image-209\" srcset=\"https:\/\/arielleellia.com\/wp-content\/uploads\/2025\/07\/IMG_6007-769x1024.jpeg 769w, https:\/\/arielleellia.com\/wp-content\/uploads\/2025\/07\/IMG_6007-225x300.jpeg 225w, https:\/\/arielleellia.com\/wp-content\/uploads\/2025\/07\/IMG_6007-768x1022.jpeg 768w, https:\/\/arielleellia.com\/wp-content\/uploads\/2025\/07\/IMG_6007-1154x1536.jpeg 1154w, https:\/\/arielleellia.com\/wp-content\/uploads\/2025\/07\/IMG_6007-1200x1597.jpeg 1200w, https:\/\/arielleellia.com\/wp-content\/uploads\/2025\/07\/IMG_6007.jpeg 1284w\" sizes=\"auto, (max-width: 769px) 85vw, 769px\" \/><\/figure>\n<\/figure>\n\n\n\n<blockquote class=\"wp-block-quote is-layout-flow wp-block-quote-is-layout-flow\">\n<p>Niente \u00e8 meglio, per certi spiriti, della creativit\u00e0! \u00c8 una libert\u00e0 estrema e illimitata, nessuna intelligenza artificiale potr\u00e0 mai spingersi cos\u00ec lontano come la nostra immaginazione, a patto, per\u00f2, di fare lo sforzo di accedervi.<\/p>\n<\/blockquote>\n\n\n\n<p>Da dove cominciare? Dopo aver ottenuto il diploma di maturit\u00e0 letteraria, ha seguito due anni di studi di psicologia alla Sorbona (Parigi 7), poi \u00e8 partita per Israele, dove ha vissuto due anni a Eilat. Nel 1986 ha lavorato presso il centro diamantifero della citt\u00e0, per una clientela internazionale. Poi la Guerra del Golfo ha provocato la chiusura dei negozi e il crollo del turismo, portando al ritorno a Parigi e a un incarico in Place Vend\u00f4me (Parigi) presso <strong>Alexandre Reza<\/strong> (la caverna di Al\u00ec Bab\u00e0). Studi di gemmologia in alternanza con l\u2019attivit\u00e0 di vendita e la gestione dello stock di pietre preziose. Un\u2019esperienza straordinaria con Alexandre Reza, una personalit\u00e0 come non se ne trovano pi\u00f9, un vero appassionato e un\u2019ottima scuola per la vita lavorativa futura.<\/p>\n\n\n\n<figure class=\"wp-block-gallery has-nested-images columns-default is-cropped wp-block-gallery-2 is-layout-flex wp-block-gallery-is-layout-flex\">\n<figure class=\"wp-block-image size-large wp-duotone-grayscale\"><img loading=\"lazy\" decoding=\"async\" width=\"1024\" height=\"1024\" data-id=\"90\" src=\"https:\/\/arielleellia.com\/wp-content\/uploads\/2025\/07\/bijoux-1-1024x1024.png\" alt=\"\" class=\"wp-image-90\" srcset=\"https:\/\/arielleellia.com\/wp-content\/uploads\/2025\/07\/bijoux-1-1024x1024.png 1024w, https:\/\/arielleellia.com\/wp-content\/uploads\/2025\/07\/bijoux-1-300x300.png 300w, https:\/\/arielleellia.com\/wp-content\/uploads\/2025\/07\/bijoux-1-150x150.png 150w, https:\/\/arielleellia.com\/wp-content\/uploads\/2025\/07\/bijoux-1-768x768.png 768w, https:\/\/arielleellia.com\/wp-content\/uploads\/2025\/07\/bijoux-1.png 1080w\" sizes=\"auto, (max-width: 709px) 85vw, (max-width: 909px) 67vw, (max-width: 1362px) 62vw, 840px\" \/><\/figure>\n\n\n\n<figure class=\"wp-block-image size-large wp-duotone-grayscale\"><img loading=\"lazy\" decoding=\"async\" width=\"1024\" height=\"1024\" data-id=\"92\" src=\"https:\/\/arielleellia.com\/wp-content\/uploads\/2025\/07\/diamants-2-1024x1024.png\" alt=\"\" class=\"wp-image-92\" srcset=\"https:\/\/arielleellia.com\/wp-content\/uploads\/2025\/07\/diamants-2-1024x1024.png 1024w, https:\/\/arielleellia.com\/wp-content\/uploads\/2025\/07\/diamants-2-300x300.png 300w, https:\/\/arielleellia.com\/wp-content\/uploads\/2025\/07\/diamants-2-150x150.png 150w, https:\/\/arielleellia.com\/wp-content\/uploads\/2025\/07\/diamants-2-768x768.png 768w, https:\/\/arielleellia.com\/wp-content\/uploads\/2025\/07\/diamants-2-1200x1200.png 1200w, https:\/\/arielleellia.com\/wp-content\/uploads\/2025\/07\/diamants-2.png 1512w\" sizes=\"auto, (max-width: 709px) 85vw, (max-width: 909px) 67vw, (max-width: 1362px) 62vw, 840px\" \/><\/figure>\n\n\n\n<figure class=\"wp-block-image size-large wp-duotone-grayscale\"><img loading=\"lazy\" decoding=\"async\" width=\"1024\" height=\"1024\" data-id=\"91\" src=\"https:\/\/arielleellia.com\/wp-content\/uploads\/2025\/07\/bijoux-2-1024x1024.png\" alt=\"\" class=\"wp-image-91\" srcset=\"https:\/\/arielleellia.com\/wp-content\/uploads\/2025\/07\/bijoux-2-1024x1024.png 1024w, https:\/\/arielleellia.com\/wp-content\/uploads\/2025\/07\/bijoux-2-300x300.png 300w, https:\/\/arielleellia.com\/wp-content\/uploads\/2025\/07\/bijoux-2-150x150.png 150w, https:\/\/arielleellia.com\/wp-content\/uploads\/2025\/07\/bijoux-2-768x768.png 768w, https:\/\/arielleellia.com\/wp-content\/uploads\/2025\/07\/bijoux-2.png 1080w\" sizes=\"auto, (max-width: 709px) 85vw, (max-width: 909px) 67vw, (max-width: 1362px) 62vw, 840px\" \/><\/figure>\n<\/figure>\n\n\n\n<blockquote class=\"wp-block-quote is-layout-flow wp-block-quote-is-layout-flow\">\n<p>Quando un potenziale acquirente non gli piaceva, si alzava e annullava la vendita dicendo ad alta voce: \u00abQuesta pietra non sar\u00e0 indossata da questa persona, star\u00e0 meglio nel mio caveau\u00bb. Chi fa una cosa del genere oggi?<\/p>\n<\/blockquote>\n\n\n\n<p>Negli anni \u201990, una bellissima esperienza professionale presso il diamantifero <strong>Andr\u00e9 Messika<\/strong> (oggi creatore di gioielli con un marchio conosciuto a livello internazionale). Un lavoro minuzioso di selezione delle pietre e preparazione degli ordini per gioiellieri e orafi di Parigi e di tutta la Francia.<\/p>\n\n\n\n<p>Dopo una pausa dovuta al matrimonio, alla nascita di due figli e al divorzio, ritorno in Place Vend\u00f4me presso il gioielliere italiano <strong>Alberto Repossi<\/strong> con il ruolo di direttrice.<\/p>\n\n\n\n<figure class=\"wp-block-image\"><img loading=\"lazy\" decoding=\"async\" width=\"1024\" height=\"313\" src=\"https:\/\/arielleellia.com\/wp-content\/uploads\/2025\/07\/Photoroom_20250709_200222-1024x313.jpeg\" alt=\"\" class=\"wp-image-117\" srcset=\"https:\/\/arielleellia.com\/wp-content\/uploads\/2025\/07\/Photoroom_20250709_200222-1024x313.jpeg 1024w, https:\/\/arielleellia.com\/wp-content\/uploads\/2025\/07\/Photoroom_20250709_200222-300x92.jpeg 300w, https:\/\/arielleellia.com\/wp-content\/uploads\/2025\/07\/Photoroom_20250709_200222-768x235.jpeg 768w, https:\/\/arielleellia.com\/wp-content\/uploads\/2025\/07\/Photoroom_20250709_200222-1536x470.jpeg 1536w, https:\/\/arielleellia.com\/wp-content\/uploads\/2025\/07\/Photoroom_20250709_200222-2048x626.jpeg 2048w, https:\/\/arielleellia.com\/wp-content\/uploads\/2025\/07\/Photoroom_20250709_200222-1200x367.jpeg 1200w\" sizes=\"auto, (max-width: 709px) 85vw, (max-width: 909px) 67vw, (max-width: 1362px) 62vw, 840px\" \/><\/figure>\n\n\n\n<p><\/p>\n\n\n\n<p><\/p>\n\n\n\n<p>Dal 2000 al 2012, dopo due formazioni, ha intrapreso una nuova attivit\u00e0 di fotografa e graphic designer, collaborando con aziende di comunicazione nella creazione visiva. Dalla fotografia professionale alla progettazione grafica, la trasformazione di idee in immagini forti e memorabili \u00e8 stata al centro di questa esperienza.<\/p>\n\n\n\n<p>Tra il 2012 e il 2018, una bellissima avventura con il marchio <strong>MUTTI<\/strong>.<br>Nell\u2019ambito della creazione della filiale francese di Mutti, multinazionale italiana specializzata nelle conserve di pomodoro, ha collaborato strettamente con la direzione per strutturare e mettere in atto le operazioni commerciali e amministrative sul territorio.<\/p>\n\n\n\n<figure class=\"wp-block-gallery has-nested-images columns-default is-cropped wp-block-gallery-3 is-layout-flex wp-block-gallery-is-layout-flex\">\n<figure class=\"wp-block-image size-large\"><img loading=\"lazy\" decoding=\"async\" width=\"1024\" height=\"899\" data-id=\"101\" src=\"https:\/\/arielleellia.com\/wp-content\/uploads\/2025\/07\/IMG_6776.WEBP.png\" alt=\"\" class=\"wp-image-101\" srcset=\"https:\/\/arielleellia.com\/wp-content\/uploads\/2025\/07\/IMG_6776.WEBP.png 1024w, https:\/\/arielleellia.com\/wp-content\/uploads\/2025\/07\/IMG_6776.WEBP-300x263.png 300w, https:\/\/arielleellia.com\/wp-content\/uploads\/2025\/07\/IMG_6776.WEBP-768x674.png 768w\" sizes=\"auto, (max-width: 709px) 85vw, (max-width: 909px) 67vw, (max-width: 1362px) 62vw, 840px\" \/><\/figure>\n\n\n\n<figure class=\"wp-block-image size-large\"><img loading=\"lazy\" decoding=\"async\" width=\"1024\" height=\"1024\" data-id=\"102\" src=\"https:\/\/arielleellia.com\/wp-content\/uploads\/2025\/07\/Photoroom_20250709_220854-1024x1024.png\" alt=\"\" class=\"wp-image-102\" srcset=\"https:\/\/arielleellia.com\/wp-content\/uploads\/2025\/07\/Photoroom_20250709_220854-1024x1024.png 1024w, https:\/\/arielleellia.com\/wp-content\/uploads\/2025\/07\/Photoroom_20250709_220854-300x300.png 300w, https:\/\/arielleellia.com\/wp-content\/uploads\/2025\/07\/Photoroom_20250709_220854-150x150.png 150w, https:\/\/arielleellia.com\/wp-content\/uploads\/2025\/07\/Photoroom_20250709_220854-768x768.png 768w, https:\/\/arielleellia.com\/wp-content\/uploads\/2025\/07\/Photoroom_20250709_220854-1200x1200.png 1200w, https:\/\/arielleellia.com\/wp-content\/uploads\/2025\/07\/Photoroom_20250709_220854.png 1512w\" sizes=\"auto, (max-width: 709px) 85vw, (max-width: 909px) 67vw, (max-width: 1362px) 62vw, 840px\" \/><\/figure>\n<\/figure>\n\n\n\n<blockquote class=\"wp-block-quote is-layout-flow wp-block-quote-is-layout-flow\">\n<p><strong>A seguito di queste diverse esperienze, \u00e8 stato necessario un anno di riflessione per arrivare alla creazione dell\u2019azienda <strong>WEBCOMDESIGN<\/strong> nel 2021.<\/strong><\/p>\n<\/blockquote>\n\n\n\n<p>\u00c8 utile, per completare questo articolo riguardante la biografia professionale di Arielle Ellia, aggiungere le attivit\u00e0 complementari praticate e le formazioni seguite:<br><strong>Formazione di Horse Coach<\/strong> e <strong>coaching con i cavalli (Horse Sense)<\/strong>.<br>Organizzazione di soggiorni benessere di coaching \u201c<strong>Happiness Therapy<\/strong>\u201d. <\/p>\n\n\n\n<p><\/p>\n\n\n\n<h2 class=\"wp-block-heading\">Horse coaching<\/h2>\n\n\n\n<p><\/p>\n\n\n\n<figure class=\"wp-block-gallery has-nested-images columns-default is-cropped wp-block-gallery-4 is-layout-flex wp-block-gallery-is-layout-flex\">\n<figure class=\"wp-block-image size-large wp-duotone-grayscale\"><img loading=\"lazy\" decoding=\"async\" width=\"1024\" height=\"538\" data-id=\"195\" src=\"https:\/\/arielleellia.com\/wp-content\/uploads\/2025\/07\/IMG_6003-1024x538.jpeg\" alt=\"\" class=\"wp-image-195\" srcset=\"https:\/\/arielleellia.com\/wp-content\/uploads\/2025\/07\/IMG_6003-1024x538.jpeg 1024w, https:\/\/arielleellia.com\/wp-content\/uploads\/2025\/07\/IMG_6003-300x158.jpeg 300w, https:\/\/arielleellia.com\/wp-content\/uploads\/2025\/07\/IMG_6003-768x404.jpeg 768w, https:\/\/arielleellia.com\/wp-content\/uploads\/2025\/07\/IMG_6003-1200x631.jpeg 1200w, https:\/\/arielleellia.com\/wp-content\/uploads\/2025\/07\/IMG_6003.jpeg 1284w\" sizes=\"auto, (max-width: 709px) 85vw, (max-width: 909px) 67vw, (max-width: 1362px) 62vw, 840px\" \/><\/figure>\n\n\n\n<figure class=\"wp-block-image size-large wp-duotone-grayscale\"><img loading=\"lazy\" decoding=\"async\" width=\"1024\" height=\"779\" data-id=\"196\" src=\"https:\/\/arielleellia.com\/wp-content\/uploads\/2025\/07\/IMG_6002-1024x779.jpeg\" alt=\"\" class=\"wp-image-196\" srcset=\"https:\/\/arielleellia.com\/wp-content\/uploads\/2025\/07\/IMG_6002-1024x779.jpeg 1024w, https:\/\/arielleellia.com\/wp-content\/uploads\/2025\/07\/IMG_6002-300x228.jpeg 300w, https:\/\/arielleellia.com\/wp-content\/uploads\/2025\/07\/IMG_6002-768x584.jpeg 768w, https:\/\/arielleellia.com\/wp-content\/uploads\/2025\/07\/IMG_6002-1200x913.jpeg 1200w, https:\/\/arielleellia.com\/wp-content\/uploads\/2025\/07\/IMG_6002.jpeg 1284w\" sizes=\"auto, (max-width: 709px) 85vw, (max-width: 909px) 67vw, (max-width: 1362px) 62vw, 840px\" \/><\/figure>\n\n\n\n<figure class=\"wp-block-image size-large wp-duotone-grayscale\"><img loading=\"lazy\" decoding=\"async\" width=\"1024\" height=\"811\" data-id=\"197\" src=\"https:\/\/arielleellia.com\/wp-content\/uploads\/2025\/07\/IMG_6004-1024x811.jpeg\" alt=\"\" class=\"wp-image-197\" srcset=\"https:\/\/arielleellia.com\/wp-content\/uploads\/2025\/07\/IMG_6004-1024x811.jpeg 1024w, https:\/\/arielleellia.com\/wp-content\/uploads\/2025\/07\/IMG_6004-300x238.jpeg 300w, https:\/\/arielleellia.com\/wp-content\/uploads\/2025\/07\/IMG_6004-768x608.jpeg 768w, https:\/\/arielleellia.com\/wp-content\/uploads\/2025\/07\/IMG_6004-1200x950.jpeg 1200w, https:\/\/arielleellia.com\/wp-content\/uploads\/2025\/07\/IMG_6004.jpeg 1284w\" sizes=\"auto, (max-width: 709px) 85vw, (max-width: 909px) 67vw, (max-width: 1362px) 62vw, 840px\" \/><\/figure>\n<\/figure>\n\n\n\n<h2 class=\"wp-block-heading\">Coaching Bien-\u00eatre s\u00e9jours \u00ab&nbsp;Happiness Therapy&nbsp;\u00bb<\/h2>\n\n\n\n<p><\/p>\n\n\n\n<figure class=\"wp-block-gallery has-nested-images columns-default is-cropped wp-block-gallery-5 is-layout-flex wp-block-gallery-is-layout-flex\">\n<figure class=\"wp-block-image size-medium is-style-default\"><a href=\"https:\/\/www.instagram.com\/happiness_therapy67\/?hl=fr\"><img loading=\"lazy\" decoding=\"async\" width=\"168\" height=\"300\" data-id=\"187\" src=\"https:\/\/arielleellia.com\/wp-content\/uploads\/2025\/07\/2021-10-16-01-07-12-168x300.jpeg\" alt=\"\" class=\"wp-image-187\" srcset=\"https:\/\/arielleellia.com\/wp-content\/uploads\/2025\/07\/2021-10-16-01-07-12-168x300.jpeg 168w, https:\/\/arielleellia.com\/wp-content\/uploads\/2025\/07\/2021-10-16-01-07-12-574x1024.jpeg 574w, https:\/\/arielleellia.com\/wp-content\/uploads\/2025\/07\/2021-10-16-01-07-12-768x1370.jpeg 768w, https:\/\/arielleellia.com\/wp-content\/uploads\/2025\/07\/2021-10-16-01-07-12-861x1536.jpeg 861w, https:\/\/arielleellia.com\/wp-content\/uploads\/2025\/07\/2021-10-16-01-07-12.jpeg 1085w\" sizes=\"auto, (max-width: 168px) 85vw, 168px\" \/><\/a><\/figure>\n\n\n\n<figure class=\"wp-block-image size-medium is-style-default\"><a href=\"https:\/\/www.instagram.com\/happiness_therapy67\/?hl=fr\"><img loading=\"lazy\" decoding=\"async\" width=\"240\" height=\"300\" data-id=\"186\" src=\"https:\/\/arielleellia.com\/wp-content\/uploads\/2025\/07\/HAPPINESS-THERAPY-INSTA-240x300.jpeg\" alt=\"\" class=\"wp-image-186\" srcset=\"https:\/\/arielleellia.com\/wp-content\/uploads\/2025\/07\/HAPPINESS-THERAPY-INSTA-240x300.jpeg 240w, https:\/\/arielleellia.com\/wp-content\/uploads\/2025\/07\/HAPPINESS-THERAPY-INSTA-819x1024.jpeg 819w, https:\/\/arielleellia.com\/wp-content\/uploads\/2025\/07\/HAPPINESS-THERAPY-INSTA-768x960.jpeg 768w, https:\/\/arielleellia.com\/wp-content\/uploads\/2025\/07\/HAPPINESS-THERAPY-INSTA.jpeg 1080w\" sizes=\"auto, (max-width: 240px) 85vw, 240px\" \/><\/a><\/figure>\n<\/figure>\n\n\n\n<p><br><\/p>\n\n\n\n<p>Senza mai dimenticare che l\u2019arte e la creativit\u00e0 sono onnipresenti nella vita di Arielle Ellia, motivo per cui realizza anche oggetti in resina, visibili nella <strong>Galerie d\u2019Art Art\u00e9lie<\/strong>, 25 rue de Penthi\u00e8vre 75008 Parigi, cos\u00ec come sull\u2019account Instagram <strong>RESINE_ART_ELA<\/strong>, insieme a bracciali in pietre naturali anch\u2019essi visibili sullo stesso profilo.<\/p>\n\n\n\n<h2 class=\"wp-block-heading\">Bracciali in pietre naturali <\/h2>\n\n\n\n<figure class=\"wp-block-gallery has-nested-images columns-default is-cropped wp-block-gallery-6 is-layout-flex wp-block-gallery-is-layout-flex\">\n<figure class=\"wp-block-image size-medium\"><img loading=\"lazy\" decoding=\"async\" width=\"300\" height=\"294\" data-id=\"84\" src=\"https:\/\/arielleellia.com\/wp-content\/uploads\/2025\/07\/bracelet-1-300x294.jpg\" alt=\"\" class=\"wp-image-84\" srcset=\"https:\/\/arielleellia.com\/wp-content\/uploads\/2025\/07\/bracelet-1-300x294.jpg 300w, https:\/\/arielleellia.com\/wp-content\/uploads\/2025\/07\/bracelet-1-768x753.jpg 768w, https:\/\/arielleellia.com\/wp-content\/uploads\/2025\/07\/bracelet-1.jpg 855w\" sizes=\"auto, (max-width: 300px) 85vw, 300px\" \/><\/figure>\n\n\n\n<figure class=\"wp-block-image size-medium\"><img loading=\"lazy\" decoding=\"async\" width=\"297\" height=\"300\" data-id=\"86\" src=\"https:\/\/arielleellia.com\/wp-content\/uploads\/2025\/07\/bracelet-2-297x300.jpg\" alt=\"\" class=\"wp-image-86\" srcset=\"https:\/\/arielleellia.com\/wp-content\/uploads\/2025\/07\/bracelet-2-297x300.jpg 297w, https:\/\/arielleellia.com\/wp-content\/uploads\/2025\/07\/bracelet-2-768x776.jpg 768w, https:\/\/arielleellia.com\/wp-content\/uploads\/2025\/07\/bracelet-2.jpg 828w\" sizes=\"auto, (max-width: 297px) 85vw, 297px\" \/><\/figure>\n\n\n\n<figure class=\"wp-block-image size-medium\"><img loading=\"lazy\" decoding=\"async\" width=\"300\" height=\"300\" data-id=\"119\" src=\"https:\/\/arielleellia.com\/wp-content\/uploads\/2025\/07\/IMG_4120.HEIC-1-300x300.png\" alt=\"\" class=\"wp-image-119\" srcset=\"https:\/\/arielleellia.com\/wp-content\/uploads\/2025\/07\/IMG_4120.HEIC-1-300x300.png 300w, https:\/\/arielleellia.com\/wp-content\/uploads\/2025\/07\/IMG_4120.HEIC-1-1024x1024.png 1024w, https:\/\/arielleellia.com\/wp-content\/uploads\/2025\/07\/IMG_4120.HEIC-1-150x150.png 150w, https:\/\/arielleellia.com\/wp-content\/uploads\/2025\/07\/IMG_4120.HEIC-1-768x768.png 768w, https:\/\/arielleellia.com\/wp-content\/uploads\/2025\/07\/IMG_4120.HEIC-1-1200x1200.png 1200w, https:\/\/arielleellia.com\/wp-content\/uploads\/2025\/07\/IMG_4120.HEIC-1.png 1512w\" sizes=\"auto, (max-width: 300px) 85vw, 300px\" \/><\/figure>\n<\/figure>\n\n\n\n<h2 class=\"wp-block-heading\">Oggetti in resina<\/h2>\n\n\n\n<figure class=\"wp-block-gallery has-nested-images columns-default is-cropped wp-block-gallery-7 is-layout-flex wp-block-gallery-is-layout-flex\">\n<figure class=\"wp-block-image size-medium\"><img loading=\"lazy\" decoding=\"async\" width=\"300\" height=\"300\" data-id=\"133\" src=\"https:\/\/arielleellia.com\/wp-content\/uploads\/2025\/07\/Photoroom_20240710_234130-300x300.png\" alt=\"\" class=\"wp-image-133\" srcset=\"https:\/\/arielleellia.com\/wp-content\/uploads\/2025\/07\/Photoroom_20240710_234130-300x300.png 300w, https:\/\/arielleellia.com\/wp-content\/uploads\/2025\/07\/Photoroom_20240710_234130-1024x1024.png 1024w, https:\/\/arielleellia.com\/wp-content\/uploads\/2025\/07\/Photoroom_20240710_234130-150x150.png 150w, https:\/\/arielleellia.com\/wp-content\/uploads\/2025\/07\/Photoroom_20240710_234130-768x768.png 768w, https:\/\/arielleellia.com\/wp-content\/uploads\/2025\/07\/Photoroom_20240710_234130-1536x1536.png 1536w, https:\/\/arielleellia.com\/wp-content\/uploads\/2025\/07\/Photoroom_20240710_234130-2048x2048.png 2048w, https:\/\/arielleellia.com\/wp-content\/uploads\/2025\/07\/Photoroom_20240710_234130-1200x1200.png 1200w, https:\/\/arielleellia.com\/wp-content\/uploads\/2025\/07\/Photoroom_20240710_234130-scaled-400x400.png 400w\" sizes=\"auto, (max-width: 300px) 85vw, 300px\" \/><\/figure>\n\n\n\n<figure class=\"wp-block-image size-full\"><img loading=\"lazy\" decoding=\"async\" width=\"568\" height=\"558\" data-id=\"150\" src=\"https:\/\/arielleellia.com\/wp-content\/uploads\/2025\/07\/chat-resine-NY.jpg\" alt=\"\" class=\"wp-image-150\" srcset=\"https:\/\/arielleellia.com\/wp-content\/uploads\/2025\/07\/chat-resine-NY.jpg 568w, https:\/\/arielleellia.com\/wp-content\/uploads\/2025\/07\/chat-resine-NY-300x295.jpg 300w\" sizes=\"auto, (max-width: 568px) 85vw, 568px\" \/><\/figure>\n\n\n\n<figure class=\"wp-block-image size-large\"><img loading=\"lazy\" decoding=\"async\" width=\"1024\" height=\"1024\" data-id=\"152\" src=\"https:\/\/arielleellia.com\/wp-content\/uploads\/2025\/07\/RESINE-3.jpg-1024x1024.jpeg\" alt=\"\" class=\"wp-image-152\" srcset=\"https:\/\/arielleellia.com\/wp-content\/uploads\/2025\/07\/RESINE-3.jpg-1024x1024.jpeg 1024w, https:\/\/arielleellia.com\/wp-content\/uploads\/2025\/07\/RESINE-3.jpg-300x300.jpeg 300w, https:\/\/arielleellia.com\/wp-content\/uploads\/2025\/07\/RESINE-3.jpg-150x150.jpeg 150w, https:\/\/arielleellia.com\/wp-content\/uploads\/2025\/07\/RESINE-3.jpg-768x768.jpeg 768w, https:\/\/arielleellia.com\/wp-content\/uploads\/2025\/07\/RESINE-3.jpg-1536x1536.jpeg 1536w, https:\/\/arielleellia.com\/wp-content\/uploads\/2025\/07\/RESINE-3.jpg-1200x1200.jpeg 1200w, https:\/\/arielleellia.com\/wp-content\/uploads\/2025\/07\/RESINE-3.jpg-400x400.jpeg 400w, https:\/\/arielleellia.com\/wp-content\/uploads\/2025\/07\/RESINE-3.jpg.jpeg 2048w\" sizes=\"auto, (max-width: 709px) 85vw, (max-width: 909px) 67vw, (max-width: 1362px) 62vw, 840px\" \/><\/figure>\n<\/figure>\n\n\n\n<blockquote class=\"wp-block-quote has-medium-font-size is-layout-flow wp-block-quote-is-layout-flow\">\n<div class=\"wp-block-cover aligncenter is-repeated has-white-color has-text-color has-link-color wp-elements-6d3e9d6e940a0f0cb0371228983e2964\" style=\"min-height:323px;aspect-ratio:unset;\"><div class=\"wp-block-cover__image-background wp-image-178 size-medium is-repeated\" style=\"background-position:45% 53%;background-image:url(https:\/\/arielleellia.com\/wp-content\/uploads\/2025\/07\/galerie-artelie-239x300.jpg)\"><\/div><span aria-hidden=\"true\" class=\"wp-block-cover__background has-background-dim-10 has-background-dim\"><\/span><div class=\"wp-block-cover__inner-container is-layout-flow wp-block-cover-is-layout-flow\">\n<p class=\"has-text-align-center has-large-font-size\"><a href=\"https:\/\/www.artelie.fr\/\">Galerie Artelie Paris 8<\/a><\/p>\n<\/div><\/div>\n\n\n\n<p><strong><em>La vita \u00e8 movimento, la vita \u00e8 incontro, la vita \u00e8 cos\u00ec breve\u2026<\/em><\/strong><\/p>\n\n\n\n<div class=\"wp-block-cover aligncenter is-light is-repeated has-medium-font-size wp-elements-72832cbb55593abbe70587743a2ed9e8 wp-duotone-unset-8\" style=\"min-height:191px;aspect-ratio:unset;\"><div role=\"img\" aria-label=\"ARIELLE ELLIA\" class=\"wp-block-cover__image-background wp-image-226 is-repeated\" style=\"background-position:50% 50%;background-image:url(https:\/\/arielleellia.com\/wp-content\/uploads\/2025\/07\/Photoroom_20250710_163813.png)\"><\/div><span aria-hidden=\"true\" class=\"wp-block-cover__background has-background-dim-10 has-background-dim\"><\/span><div class=\"wp-block-cover__inner-container is-layout-flow wp-block-cover-is-layout-flow\">\n<blockquote class=\"wp-block-quote is-layout-flow wp-block-quote-is-layout-flow\">\n<p class=\"has-large-font-size\"><strong><em>La vita <\/em><\/strong><strong><em>\u00e8 <\/em><\/strong><strong><em>movimento, la vita \u00e8 incontro, la vita \u00e8 cos\u00ec breve\u2026<\/em><\/strong><\/p>\n<\/blockquote>\n<\/div><\/div>\n<\/blockquote>\n\n\n\n<figure class=\"wp-block-image\"><img loading=\"lazy\" decoding=\"async\" width=\"1024\" height=\"422\" src=\"https:\/\/arielleellia.com\/wp-content\/uploads\/2025\/07\/IMG_6012-1024x422.jpeg\" alt=\"\" class=\"wp-image-207\" srcset=\"https:\/\/arielleellia.com\/wp-content\/uploads\/2025\/07\/IMG_6012-1024x422.jpeg 1024w, https:\/\/arielleellia.com\/wp-content\/uploads\/2025\/07\/IMG_6012-300x124.jpeg 300w, https:\/\/arielleellia.com\/wp-content\/uploads\/2025\/07\/IMG_6012-768x316.jpeg 768w, https:\/\/arielleellia.com\/wp-content\/uploads\/2025\/07\/IMG_6012-1200x494.jpeg 1200w, https:\/\/arielleellia.com\/wp-content\/uploads\/2025\/07\/IMG_6012.jpeg 1284w\" sizes=\"auto, (max-width: 709px) 85vw, (max-width: 909px) 67vw, (max-width: 1362px) 62vw, 840px\" \/><\/figure>\n\n\n\n<p><strong>Sul piano <\/strong>familaile: Due figli, quattro nipotine.<br>Amici veri e buoni (il tempo ha selezionato per me).<\/p>\n\n\n\n<p><\/p>\n\n\n\n<figure class=\"wp-block-gallery has-nested-images columns-default is-cropped wp-block-gallery-9 is-layout-flex wp-block-gallery-is-layout-flex\"><\/figure>\n","protected":false},"excerpt":{"rendered":"<p>Nata a Montmartre (Parigi), Arielle \u00e8 cresciuta circondata dalla sua famiglia composta dai genitori, dai suoi due fratelli minori, nonch\u00e9 dalle nonne e bisnonne che abitavano nello stesso appartamento. Ha frequentato la scuola attiva bilingue a Parigi, poi ha seguito per due anni un corso sportivo con specializzazione in equitazione. Appassionata di cavalli, trascorreva il &hellip; <a href=\"https:\/\/arielleellia.com\/index.php\/biografia\/\" class=\"more-link\">Continue reading<span class=\"screen-reader-text\"> \u00ab\u00a0BIOGRAFIA\u00a0\u00bb<\/span><\/a><\/p>\n","protected":false},"author":1,"featured_media":0,"parent":0,"menu_order":0,"comment_status":"closed","ping_status":"closed","template":"","meta":{"footnotes":""},"class_list":["post-358","page","type-page","status-publish","hentry"],"_links":{"self":[{"href":"https:\/\/arielleellia.com\/index.php\/wp-json\/wp\/v2\/pages\/358","targetHints":{"allow":["GET"]}}],"collection":[{"href":"https:\/\/arielleellia.com\/index.php\/wp-json\/wp\/v2\/pages"}],"about":[{"href":"https:\/\/arielleellia.com\/index.php\/wp-json\/wp\/v2\/types\/page"}],"author":[{"embeddable":true,"href":"https:\/\/arielleellia.com\/index.php\/wp-json\/wp\/v2\/users\/1"}],"replies":[{"embeddable":true,"href":"https:\/\/arielleellia.com\/index.php\/wp-json\/wp\/v2\/comments?post=358"}],"version-history":[{"count":18,"href":"https:\/\/arielleellia.com\/index.php\/wp-json\/wp\/v2\/pages\/358\/revisions"}],"predecessor-version":[{"id":521,"href":"https:\/\/arielleellia.com\/index.php\/wp-json\/wp\/v2\/pages\/358\/revisions\/521"}],"wp:attachment":[{"href":"https:\/\/arielleellia.com\/index.php\/wp-json\/wp\/v2\/media?parent=358"}],"curies":[{"name":"wp","href":"https:\/\/api.w.org\/{rel}","templated":true}]}}