{"id":2,"date":"2025-07-08T13:59:41","date_gmt":"2025-07-08T13:59:41","guid":{"rendered":"http:\/\/arielleellia.com\/?page_id=2"},"modified":"2025-09-14T19:46:24","modified_gmt":"2025-09-14T19:46:24","slug":"bio6pro6arielleellia","status":"publish","type":"page","link":"https:\/\/arielleellia.com\/index.php\/bio6pro6arielleellia\/","title":{"rendered":"BIOGRAPHIE"},"content":{"rendered":"\n<p><\/p>\n\n\n\n<p><\/p>\n\n\n\n<p>N\u00e9e \u00e0 Montmartre (Paris) Arielle a grandi entour\u00e9e de sa famille compos\u00e9e de ses parents, de ses deux fr\u00e8res cadets ainsi que de ses grands m\u00e8res et arri\u00e8re grand m\u00e8re qui logeaient dans le m\u00eame appartement. Scolarit\u00e9 \u00e0 l\u2019\u00e9cole active Bilingue \u00e0 Paris puis 2 ans en sport \u00e9tude \u00e9quitation car passionn\u00e9e par les chevaux,, elle passait son temps libre en leur compagnie.<\/p>\n\n\n\n<p><\/p>\n\n\n\n<p>Apr\u00e8s avoir int\u00e9gr\u00e9 plusieurs entreprises, Arielle Ellia se consacre aujourd&rsquo;hui \u00e0 la croissance de son entreprise de communication <a href=\"https:\/\/webcomdesign.fr\/\">WEBCOMDESIGN <\/a>fond\u00e9e en 2021, en offrant de nombreux services li\u00e9s \u00e0 l&rsquo;image, pouvant laisser aller son esprit cr\u00e9atif.<\/p>\n\n\n\n<figure class=\"wp-block-gallery has-nested-images columns-3 is-cropped has-white-background-color has-background wp-block-gallery-1 is-layout-flex wp-block-gallery-is-layout-flex\">\n<figure class=\"wp-block-image size-large wp-duotone-grayscale\"><img decoding=\"async\" data-id=\"510\" src=\"https:\/\/arielleellia.com\/wp-content\/uploads\/2025\/09\/5-1024x1024.png\" alt=\"\" class=\"wp-image-510\"\/><\/figure>\n\n\n\n<figure class=\"wp-block-image size-medium wp-duotone-grayscale\"><img decoding=\"async\" data-id=\"511\" src=\"https:\/\/arielleellia.com\/wp-content\/uploads\/2025\/09\/6-210x300.jpeg\" alt=\"\" class=\"wp-image-511\"\/><\/figure>\n\n\n\n<figure class=\"wp-block-image size-large wp-duotone-grayscale\"><img loading=\"lazy\" decoding=\"async\" width=\"769\" height=\"1024\" data-id=\"209\" src=\"https:\/\/arielleellia.com\/wp-content\/uploads\/2025\/07\/IMG_6007-769x1024.jpeg\" alt=\"\" class=\"wp-image-209\" srcset=\"https:\/\/arielleellia.com\/wp-content\/uploads\/2025\/07\/IMG_6007-769x1024.jpeg 769w, https:\/\/arielleellia.com\/wp-content\/uploads\/2025\/07\/IMG_6007-225x300.jpeg 225w, https:\/\/arielleellia.com\/wp-content\/uploads\/2025\/07\/IMG_6007-768x1022.jpeg 768w, https:\/\/arielleellia.com\/wp-content\/uploads\/2025\/07\/IMG_6007-1154x1536.jpeg 1154w, https:\/\/arielleellia.com\/wp-content\/uploads\/2025\/07\/IMG_6007-1200x1597.jpeg 1200w, https:\/\/arielleellia.com\/wp-content\/uploads\/2025\/07\/IMG_6007.jpeg 1284w\" sizes=\"auto, (max-width: 769px) 85vw, 769px\" \/><\/figure>\n<\/figure>\n\n\n\n<p><\/p>\n\n\n\n<blockquote class=\"wp-block-quote is-layout-flow wp-block-quote-is-layout-flow\">\n<p>Rien de mieux pour certains esprits que la cr\u00e9ativit\u00e9 ! C&rsquo;est une libert\u00e9 extr\u00eame et illimit\u00e9e, aucune intelligence artificielle ne pourra jamais aller aussi loin que notre imagination, faut-il encore se donner la peine d&rsquo;y acc\u00e9der.<\/p>\n<\/blockquote>\n\n\n\n<p>Par o\u00f9 commencer ? Apr\u00e8s l&rsquo;obtention du Baccalaur\u00e9at litt\u00e9raire, 2 ans d&rsquo;\u00e9tudes de psychologie \u00e0 la Sorbonne Paris 7,  puis d\u00e9part en Isra\u00ebl pour une dur\u00e9e 2 ans \u00e0 Eilat. En 1986, employ\u00e9e au centre diamantaire de la ville pour une client\u00e8le internationale. Puis la guerre du Golf entraine la fermeture des commerces et la chute du tourisme donc un retour \u00e0 Paris et un poste place Vend\u00f4me (Paris) chez <strong>Alexandre Reza<\/strong> ou (la caverne d&rsquo;Ali Baba). Des \u00e9tudes de gemmologie en alternance avec une activit\u00e9 de vente et en gestion du stock de pierres pr\u00e9cieuses. Une exp\u00e9rience formidable avec Alexandre Reza, une personnalit\u00e9 comme on en fait plus, un v\u00e9ritable passionn\u00e9 et une bonne \u00e9cole pour la suite de la vie active.<\/p>\n\n\n\n<p><\/p>\n\n\n\n<figure class=\"wp-block-gallery has-nested-images columns-default is-cropped wp-block-gallery-2 is-layout-flex wp-block-gallery-is-layout-flex\">\n<figure class=\"wp-block-image size-large wp-duotone-grayscale\"><img loading=\"lazy\" decoding=\"async\" width=\"1024\" height=\"1024\" data-id=\"90\" src=\"https:\/\/arielleellia.com\/wp-content\/uploads\/2025\/07\/bijoux-1-1024x1024.png\" alt=\"\" class=\"wp-image-90\" srcset=\"https:\/\/arielleellia.com\/wp-content\/uploads\/2025\/07\/bijoux-1-1024x1024.png 1024w, https:\/\/arielleellia.com\/wp-content\/uploads\/2025\/07\/bijoux-1-300x300.png 300w, https:\/\/arielleellia.com\/wp-content\/uploads\/2025\/07\/bijoux-1-150x150.png 150w, https:\/\/arielleellia.com\/wp-content\/uploads\/2025\/07\/bijoux-1-768x768.png 768w, https:\/\/arielleellia.com\/wp-content\/uploads\/2025\/07\/bijoux-1.png 1080w\" sizes=\"auto, (max-width: 709px) 85vw, (max-width: 909px) 67vw, (max-width: 1362px) 62vw, 840px\" \/><\/figure>\n\n\n\n<figure class=\"wp-block-image size-large\"><img loading=\"lazy\" decoding=\"async\" width=\"1024\" height=\"1024\" data-id=\"92\" src=\"https:\/\/arielleellia.com\/wp-content\/uploads\/2025\/07\/diamants-2-1024x1024.png\" alt=\"\" class=\"wp-image-92\" srcset=\"https:\/\/arielleellia.com\/wp-content\/uploads\/2025\/07\/diamants-2-1024x1024.png 1024w, https:\/\/arielleellia.com\/wp-content\/uploads\/2025\/07\/diamants-2-300x300.png 300w, https:\/\/arielleellia.com\/wp-content\/uploads\/2025\/07\/diamants-2-150x150.png 150w, https:\/\/arielleellia.com\/wp-content\/uploads\/2025\/07\/diamants-2-768x768.png 768w, https:\/\/arielleellia.com\/wp-content\/uploads\/2025\/07\/diamants-2-1200x1200.png 1200w, https:\/\/arielleellia.com\/wp-content\/uploads\/2025\/07\/diamants-2.png 1512w\" sizes=\"auto, (max-width: 709px) 85vw, (max-width: 909px) 67vw, (max-width: 1362px) 62vw, 840px\" \/><\/figure>\n\n\n\n<figure class=\"wp-block-image size-large wp-duotone-grayscale\"><img loading=\"lazy\" decoding=\"async\" width=\"1024\" height=\"1024\" data-id=\"91\" src=\"https:\/\/arielleellia.com\/wp-content\/uploads\/2025\/07\/bijoux-2-1024x1024.png\" alt=\"\" class=\"wp-image-91\" srcset=\"https:\/\/arielleellia.com\/wp-content\/uploads\/2025\/07\/bijoux-2-1024x1024.png 1024w, https:\/\/arielleellia.com\/wp-content\/uploads\/2025\/07\/bijoux-2-300x300.png 300w, https:\/\/arielleellia.com\/wp-content\/uploads\/2025\/07\/bijoux-2-150x150.png 150w, https:\/\/arielleellia.com\/wp-content\/uploads\/2025\/07\/bijoux-2-768x768.png 768w, https:\/\/arielleellia.com\/wp-content\/uploads\/2025\/07\/bijoux-2.png 1080w\" sizes=\"auto, (max-width: 709px) 85vw, (max-width: 909px) 67vw, (max-width: 1362px) 62vw, 840px\" \/><\/figure>\n<\/figure>\n\n\n\n<blockquote class=\"wp-block-quote is-layout-flow wp-block-quote-is-layout-flow\">\n<p><\/p>\n\n\n\n<p>Quand un acheteur potentiel ne lui plaisait pas, il se levait et cassait la vente en disant haut et fort, \u00ab\u00a0Cette pierre ne sera pas port\u00e9e par cette personne, elle sera mieux dans mon coffre\u00a0\u00bb. Qui fait \u00e7a aujourd&rsquo;hui ?<\/p>\n<\/blockquote>\n\n\n\n<p>Dans les ann\u00e9es 1990, une tr\u00e8s belle exp\u00e9rience professionnelle chez le diamantaire <strong>Andr\u00e9 Messika <\/strong>(aujourd&rsquo;hui cr\u00e9ateur de bijoux avec une marque internationalement connue). Un travail minutieux de tri de pierres et de pr\u00e9paration de commandes pour les bijoutiers et joailliers fabricants parisiens et de l&rsquo;hexagone.<\/p>\n\n\n\n<p>Apr\u00e8s un break suite \u00e0 un mariage et deux enfants, retour place Vend\u00f4me chez le joaillier Italien <strong>Alberto Repossi<\/strong> au poste de directrice.<\/p>\n\n\n\n<p><\/p>\n\n\n<div class=\"wp-block-image wp-duotone-unset-3\">\n<figure class=\"aligncenter size-large\"><img loading=\"lazy\" decoding=\"async\" width=\"1024\" height=\"313\" src=\"https:\/\/arielleellia.com\/wp-content\/uploads\/2025\/07\/Photoroom_20250709_200222-1024x313.jpeg\" alt=\"\" class=\"wp-image-117\" srcset=\"https:\/\/arielleellia.com\/wp-content\/uploads\/2025\/07\/Photoroom_20250709_200222-1024x313.jpeg 1024w, https:\/\/arielleellia.com\/wp-content\/uploads\/2025\/07\/Photoroom_20250709_200222-300x92.jpeg 300w, https:\/\/arielleellia.com\/wp-content\/uploads\/2025\/07\/Photoroom_20250709_200222-768x235.jpeg 768w, https:\/\/arielleellia.com\/wp-content\/uploads\/2025\/07\/Photoroom_20250709_200222-1536x470.jpeg 1536w, https:\/\/arielleellia.com\/wp-content\/uploads\/2025\/07\/Photoroom_20250709_200222-2048x626.jpeg 2048w, https:\/\/arielleellia.com\/wp-content\/uploads\/2025\/07\/Photoroom_20250709_200222-1200x367.jpeg 1200w\" sizes=\"auto, (max-width: 709px) 85vw, (max-width: 909px) 67vw, (max-width: 1362px) 62vw, 840px\" \/><\/figure>\n<\/div>\n\n\n<p><\/p>\n\n\n\n<p>Dans les ann\u00e9es 2000 \u00e0 2012 suite \u00e0 deux formations, une nouvelle activit\u00e9 de photographe et d&rsquo;infographiste en accompagnant les entreprises de communication dans la cr\u00e9ation visuelle. De la prise de vue professionnelle \u00e0 la conception graphique, la transformation d&rsquo;id\u00e9es en images fortes et m\u00e9morables sont mises \u00e0 l&rsquo;honneur tout au long de cette exp\u00e9rience.<\/p>\n\n\n\n<p>Entre 2012 et 2018, une tr\u00e8s belle aventure avec la Marque <strong>MUTTI <\/strong><br>Dans le cadre de la <strong>cr\u00e9ation de la filiale fran\u00e7aise<\/strong> de Mutti, multinationale italienne sp\u00e9cialis\u00e9e dans les conserves de tomates, collaboration \u00e9troite avec la direction pour structurer et mettre en place les op\u00e9rations commerciales et administratives sur le territoire. <\/p>\n\n\n\n<figure class=\"wp-block-gallery has-nested-images columns-default is-cropped wp-block-gallery-4 is-layout-flex wp-block-gallery-is-layout-flex\">\n<figure class=\"wp-block-image size-large\"><img loading=\"lazy\" decoding=\"async\" width=\"1024\" height=\"899\" data-id=\"101\" src=\"https:\/\/arielleellia.com\/wp-content\/uploads\/2025\/07\/IMG_6776.WEBP.png\" alt=\"\" class=\"wp-image-101\" srcset=\"https:\/\/arielleellia.com\/wp-content\/uploads\/2025\/07\/IMG_6776.WEBP.png 1024w, https:\/\/arielleellia.com\/wp-content\/uploads\/2025\/07\/IMG_6776.WEBP-300x263.png 300w, https:\/\/arielleellia.com\/wp-content\/uploads\/2025\/07\/IMG_6776.WEBP-768x674.png 768w\" sizes=\"auto, (max-width: 709px) 85vw, (max-width: 909px) 67vw, (max-width: 1362px) 62vw, 840px\" \/><\/figure>\n\n\n\n<figure class=\"wp-block-image size-large\"><img loading=\"lazy\" decoding=\"async\" width=\"1024\" height=\"1024\" data-id=\"102\" src=\"https:\/\/arielleellia.com\/wp-content\/uploads\/2025\/07\/Photoroom_20250709_220854-1024x1024.png\" alt=\"\" class=\"wp-image-102\" srcset=\"https:\/\/arielleellia.com\/wp-content\/uploads\/2025\/07\/Photoroom_20250709_220854-1024x1024.png 1024w, https:\/\/arielleellia.com\/wp-content\/uploads\/2025\/07\/Photoroom_20250709_220854-300x300.png 300w, https:\/\/arielleellia.com\/wp-content\/uploads\/2025\/07\/Photoroom_20250709_220854-150x150.png 150w, https:\/\/arielleellia.com\/wp-content\/uploads\/2025\/07\/Photoroom_20250709_220854-768x768.png 768w, https:\/\/arielleellia.com\/wp-content\/uploads\/2025\/07\/Photoroom_20250709_220854-1200x1200.png 1200w, https:\/\/arielleellia.com\/wp-content\/uploads\/2025\/07\/Photoroom_20250709_220854.png 1512w\" sizes=\"auto, (max-width: 709px) 85vw, (max-width: 909px) 67vw, (max-width: 1362px) 62vw, 840px\" \/><\/figure>\n<\/figure>\n\n\n\n<p><\/p>\n\n\n\n<blockquote class=\"wp-block-quote is-layout-flow wp-block-quote-is-layout-flow\">\n<p><strong>Suite \u00e0 ces diff\u00e9rentes exp\u00e9riences, une ann\u00e9e de r\u00e9flexion \u00e0 \u00e9t\u00e9 n\u00e9cessaire pour arriver \u00e0 la cr\u00e9ation de l&rsquo;entreprise <a href=\"https:\/\/webcomdesign.fr\/\">WEBCOMDESIGN<\/a> en 2021.<\/strong><\/p>\n<\/blockquote>\n\n\n\n<p><\/p>\n\n\n\n<p>Il est utile pour compl\u00e9ter cette article concernant la Biographie professionnelle d&rsquo;Arielle Ellia, d&rsquo;ajouter les activit\u00e9s annexes pratiqu\u00e9es ainsi que les formations suivies : Formation de Horse coach et coaching avec les chevaux (Horse Sense). Organisation de s\u00e9jours coaching bien-\u00eatre \u00ab\u00a0Happiness Therapy\u00a0\u00bb.<\/p>\n\n\n\n<h2 class=\"wp-block-heading\">Horse coaching<\/h2>\n\n\n\n<p><\/p>\n\n\n\n<figure class=\"wp-block-gallery has-nested-images columns-default is-cropped wp-block-gallery-5 is-layout-flex wp-block-gallery-is-layout-flex\">\n<figure class=\"wp-block-image size-large wp-duotone-grayscale\"><img loading=\"lazy\" decoding=\"async\" width=\"1024\" height=\"538\" data-id=\"195\" src=\"https:\/\/arielleellia.com\/wp-content\/uploads\/2025\/07\/IMG_6003-1024x538.jpeg\" alt=\"\" class=\"wp-image-195\" srcset=\"https:\/\/arielleellia.com\/wp-content\/uploads\/2025\/07\/IMG_6003-1024x538.jpeg 1024w, https:\/\/arielleellia.com\/wp-content\/uploads\/2025\/07\/IMG_6003-300x158.jpeg 300w, https:\/\/arielleellia.com\/wp-content\/uploads\/2025\/07\/IMG_6003-768x404.jpeg 768w, https:\/\/arielleellia.com\/wp-content\/uploads\/2025\/07\/IMG_6003-1200x631.jpeg 1200w, https:\/\/arielleellia.com\/wp-content\/uploads\/2025\/07\/IMG_6003.jpeg 1284w\" sizes=\"auto, (max-width: 709px) 85vw, (max-width: 909px) 67vw, (max-width: 1362px) 62vw, 840px\" \/><\/figure>\n\n\n\n<figure class=\"wp-block-image size-large wp-duotone-grayscale\"><img loading=\"lazy\" decoding=\"async\" width=\"1024\" height=\"779\" data-id=\"196\" src=\"https:\/\/arielleellia.com\/wp-content\/uploads\/2025\/07\/IMG_6002-1024x779.jpeg\" alt=\"\" class=\"wp-image-196\" srcset=\"https:\/\/arielleellia.com\/wp-content\/uploads\/2025\/07\/IMG_6002-1024x779.jpeg 1024w, https:\/\/arielleellia.com\/wp-content\/uploads\/2025\/07\/IMG_6002-300x228.jpeg 300w, https:\/\/arielleellia.com\/wp-content\/uploads\/2025\/07\/IMG_6002-768x584.jpeg 768w, https:\/\/arielleellia.com\/wp-content\/uploads\/2025\/07\/IMG_6002-1200x913.jpeg 1200w, https:\/\/arielleellia.com\/wp-content\/uploads\/2025\/07\/IMG_6002.jpeg 1284w\" sizes=\"auto, (max-width: 709px) 85vw, (max-width: 909px) 67vw, (max-width: 1362px) 62vw, 840px\" \/><\/figure>\n\n\n\n<figure class=\"wp-block-image size-large wp-duotone-grayscale\"><img loading=\"lazy\" decoding=\"async\" width=\"1024\" height=\"811\" data-id=\"197\" src=\"https:\/\/arielleellia.com\/wp-content\/uploads\/2025\/07\/IMG_6004-1024x811.jpeg\" alt=\"\" class=\"wp-image-197\" srcset=\"https:\/\/arielleellia.com\/wp-content\/uploads\/2025\/07\/IMG_6004-1024x811.jpeg 1024w, https:\/\/arielleellia.com\/wp-content\/uploads\/2025\/07\/IMG_6004-300x238.jpeg 300w, https:\/\/arielleellia.com\/wp-content\/uploads\/2025\/07\/IMG_6004-768x608.jpeg 768w, https:\/\/arielleellia.com\/wp-content\/uploads\/2025\/07\/IMG_6004-1200x950.jpeg 1200w, https:\/\/arielleellia.com\/wp-content\/uploads\/2025\/07\/IMG_6004.jpeg 1284w\" sizes=\"auto, (max-width: 709px) 85vw, (max-width: 909px) 67vw, (max-width: 1362px) 62vw, 840px\" \/><\/figure>\n<\/figure>\n\n\n\n<h2 class=\"wp-block-heading\">Coaching Bien-\u00eatre s\u00e9jours \u00ab\u00a0Happiness Therapy\u00a0\u00bb<\/h2>\n\n\n\n<p><\/p>\n\n\n\n<figure class=\"wp-block-gallery has-nested-images columns-default is-cropped wp-block-gallery-6 is-layout-flex wp-block-gallery-is-layout-flex\">\n<figure class=\"wp-block-image size-large\"><img loading=\"lazy\" decoding=\"async\" width=\"574\" height=\"1024\" data-id=\"187\" src=\"https:\/\/arielleellia.com\/wp-content\/uploads\/2025\/07\/2021-10-16-01-07-12-574x1024.jpeg\" alt=\"\" class=\"wp-image-187\" srcset=\"https:\/\/arielleellia.com\/wp-content\/uploads\/2025\/07\/2021-10-16-01-07-12-574x1024.jpeg 574w, https:\/\/arielleellia.com\/wp-content\/uploads\/2025\/07\/2021-10-16-01-07-12-168x300.jpeg 168w, https:\/\/arielleellia.com\/wp-content\/uploads\/2025\/07\/2021-10-16-01-07-12-768x1370.jpeg 768w, https:\/\/arielleellia.com\/wp-content\/uploads\/2025\/07\/2021-10-16-01-07-12-861x1536.jpeg 861w, https:\/\/arielleellia.com\/wp-content\/uploads\/2025\/07\/2021-10-16-01-07-12.jpeg 1085w\" sizes=\"auto, (max-width: 574px) 85vw, 574px\" \/><\/figure>\n\n\n\n<figure class=\"wp-block-image size-large\"><img loading=\"lazy\" decoding=\"async\" width=\"819\" height=\"1024\" data-id=\"186\" src=\"https:\/\/arielleellia.com\/wp-content\/uploads\/2025\/07\/HAPPINESS-THERAPY-INSTA-819x1024.jpeg\" alt=\"\" class=\"wp-image-186\" srcset=\"https:\/\/arielleellia.com\/wp-content\/uploads\/2025\/07\/HAPPINESS-THERAPY-INSTA-819x1024.jpeg 819w, https:\/\/arielleellia.com\/wp-content\/uploads\/2025\/07\/HAPPINESS-THERAPY-INSTA-240x300.jpeg 240w, https:\/\/arielleellia.com\/wp-content\/uploads\/2025\/07\/HAPPINESS-THERAPY-INSTA-768x960.jpeg 768w, https:\/\/arielleellia.com\/wp-content\/uploads\/2025\/07\/HAPPINESS-THERAPY-INSTA.jpeg 1080w\" sizes=\"auto, (max-width: 819px) 85vw, 819px\" \/><\/figure>\n<\/figure>\n\n\n\n<p><\/p>\n\n\n\n<blockquote class=\"wp-block-quote is-layout-flow wp-block-quote-is-layout-flow\">\n<p>Sans ne jamais oublier que  l&rsquo;art et la cr\u00e9ativit\u00e9 sont omnipr\u00e9sentes dans la vie d&rsquo;Arielle Ellia, c&rsquo;est pourquoi elle r\u00e9alise aussi des <a href=\"https:\/\/www.instagram.com\/resine_art_ela\/?hl=fr\">objets en r\u00e9sine<\/a> qui sont visibles dans la Galerie d&rsquo;Art Galerie Art\u00e9lie au 25, rue de Penthi\u00e8vre 75008 Paris ainsi que sur le compte Instagram  <a href=\"https:\/\/www.instagram.com\/resine_art_ela\/?hl=fr\">RESINE_ART_ELA<\/a> ainsi que des <a href=\"https:\/\/www.instagram.com\/resine_art_ela\/?hl=fr\">bracelets en perles de pierres naturelles<\/a> visibles \u00e9galement sur le m\u00eame compte.<\/p>\n<\/blockquote>\n\n\n\n<h2 class=\"wp-block-heading\">Bracelets en pierres naturelles<\/h2>\n\n\n\n<figure class=\"wp-block-gallery has-nested-images columns-default is-cropped wp-block-gallery-7 is-layout-flex wp-block-gallery-is-layout-flex\">\n<figure class=\"wp-block-image size-medium\"><img loading=\"lazy\" decoding=\"async\" width=\"300\" height=\"294\" data-id=\"84\" src=\"https:\/\/arielleellia.com\/wp-content\/uploads\/2025\/07\/bracelet-1-300x294.jpg\" alt=\"\" class=\"wp-image-84\" srcset=\"https:\/\/arielleellia.com\/wp-content\/uploads\/2025\/07\/bracelet-1-300x294.jpg 300w, https:\/\/arielleellia.com\/wp-content\/uploads\/2025\/07\/bracelet-1-768x753.jpg 768w, https:\/\/arielleellia.com\/wp-content\/uploads\/2025\/07\/bracelet-1.jpg 855w\" sizes=\"auto, (max-width: 300px) 85vw, 300px\" \/><\/figure>\n\n\n\n<figure class=\"wp-block-image size-medium\"><img loading=\"lazy\" decoding=\"async\" width=\"297\" height=\"300\" data-id=\"86\" src=\"https:\/\/arielleellia.com\/wp-content\/uploads\/2025\/07\/bracelet-2-297x300.jpg\" alt=\"\" class=\"wp-image-86\" srcset=\"https:\/\/arielleellia.com\/wp-content\/uploads\/2025\/07\/bracelet-2-297x300.jpg 297w, https:\/\/arielleellia.com\/wp-content\/uploads\/2025\/07\/bracelet-2-768x776.jpg 768w, https:\/\/arielleellia.com\/wp-content\/uploads\/2025\/07\/bracelet-2.jpg 828w\" sizes=\"auto, (max-width: 297px) 85vw, 297px\" \/><\/figure>\n\n\n\n<figure class=\"wp-block-image size-medium\"><img loading=\"lazy\" decoding=\"async\" width=\"300\" height=\"300\" data-id=\"119\" src=\"https:\/\/arielleellia.com\/wp-content\/uploads\/2025\/07\/IMG_4120.HEIC-1-300x300.png\" alt=\"\" class=\"wp-image-119\" srcset=\"https:\/\/arielleellia.com\/wp-content\/uploads\/2025\/07\/IMG_4120.HEIC-1-300x300.png 300w, https:\/\/arielleellia.com\/wp-content\/uploads\/2025\/07\/IMG_4120.HEIC-1-1024x1024.png 1024w, https:\/\/arielleellia.com\/wp-content\/uploads\/2025\/07\/IMG_4120.HEIC-1-150x150.png 150w, https:\/\/arielleellia.com\/wp-content\/uploads\/2025\/07\/IMG_4120.HEIC-1-768x768.png 768w, https:\/\/arielleellia.com\/wp-content\/uploads\/2025\/07\/IMG_4120.HEIC-1-1200x1200.png 1200w, https:\/\/arielleellia.com\/wp-content\/uploads\/2025\/07\/IMG_4120.HEIC-1.png 1512w\" sizes=\"auto, (max-width: 300px) 85vw, 300px\" \/><\/figure>\n<\/figure>\n\n\n\n<h2 class=\"wp-block-heading\">Objets en r\u00e9sine<\/h2>\n\n\n\n<figure class=\"wp-block-gallery has-nested-images columns-default is-cropped wp-block-gallery-8 is-layout-flex wp-block-gallery-is-layout-flex\">\n<figure class=\"wp-block-image size-medium\"><img loading=\"lazy\" decoding=\"async\" width=\"300\" height=\"300\" data-id=\"133\" src=\"https:\/\/arielleellia.com\/wp-content\/uploads\/2025\/07\/Photoroom_20240710_234130-300x300.png\" alt=\"\" class=\"wp-image-133\" srcset=\"https:\/\/arielleellia.com\/wp-content\/uploads\/2025\/07\/Photoroom_20240710_234130-300x300.png 300w, https:\/\/arielleellia.com\/wp-content\/uploads\/2025\/07\/Photoroom_20240710_234130-1024x1024.png 1024w, https:\/\/arielleellia.com\/wp-content\/uploads\/2025\/07\/Photoroom_20240710_234130-150x150.png 150w, https:\/\/arielleellia.com\/wp-content\/uploads\/2025\/07\/Photoroom_20240710_234130-768x768.png 768w, https:\/\/arielleellia.com\/wp-content\/uploads\/2025\/07\/Photoroom_20240710_234130-1536x1536.png 1536w, https:\/\/arielleellia.com\/wp-content\/uploads\/2025\/07\/Photoroom_20240710_234130-2048x2048.png 2048w, https:\/\/arielleellia.com\/wp-content\/uploads\/2025\/07\/Photoroom_20240710_234130-1200x1200.png 1200w, https:\/\/arielleellia.com\/wp-content\/uploads\/2025\/07\/Photoroom_20240710_234130-scaled-400x400.png 400w\" sizes=\"auto, (max-width: 300px) 85vw, 300px\" \/><\/figure>\n\n\n\n<figure class=\"wp-block-image size-full\"><img loading=\"lazy\" decoding=\"async\" width=\"568\" height=\"558\" data-id=\"150\" src=\"https:\/\/arielleellia.com\/wp-content\/uploads\/2025\/07\/chat-resine-NY.jpg\" alt=\"\" class=\"wp-image-150\" srcset=\"https:\/\/arielleellia.com\/wp-content\/uploads\/2025\/07\/chat-resine-NY.jpg 568w, https:\/\/arielleellia.com\/wp-content\/uploads\/2025\/07\/chat-resine-NY-300x295.jpg 300w\" sizes=\"auto, (max-width: 568px) 85vw, 568px\" \/><\/figure>\n\n\n\n<figure class=\"wp-block-image size-large\"><img loading=\"lazy\" decoding=\"async\" width=\"1024\" height=\"1024\" data-id=\"152\" src=\"https:\/\/arielleellia.com\/wp-content\/uploads\/2025\/07\/RESINE-3.jpg-1024x1024.jpeg\" alt=\"\" class=\"wp-image-152\" srcset=\"https:\/\/arielleellia.com\/wp-content\/uploads\/2025\/07\/RESINE-3.jpg-1024x1024.jpeg 1024w, https:\/\/arielleellia.com\/wp-content\/uploads\/2025\/07\/RESINE-3.jpg-300x300.jpeg 300w, https:\/\/arielleellia.com\/wp-content\/uploads\/2025\/07\/RESINE-3.jpg-150x150.jpeg 150w, https:\/\/arielleellia.com\/wp-content\/uploads\/2025\/07\/RESINE-3.jpg-768x768.jpeg 768w, https:\/\/arielleellia.com\/wp-content\/uploads\/2025\/07\/RESINE-3.jpg-1536x1536.jpeg 1536w, https:\/\/arielleellia.com\/wp-content\/uploads\/2025\/07\/RESINE-3.jpg-1200x1200.jpeg 1200w, https:\/\/arielleellia.com\/wp-content\/uploads\/2025\/07\/RESINE-3.jpg-400x400.jpeg 400w, https:\/\/arielleellia.com\/wp-content\/uploads\/2025\/07\/RESINE-3.jpg.jpeg 2048w\" sizes=\"auto, (max-width: 709px) 85vw, (max-width: 909px) 67vw, (max-width: 1362px) 62vw, 840px\" \/><\/figure>\n<\/figure>\n\n\n\n<div class=\"wp-block-cover aligncenter is-repeated has-white-color has-text-color has-link-color wp-elements-6d3e9d6e940a0f0cb0371228983e2964\" style=\"min-height:323px;aspect-ratio:unset;\"><div class=\"wp-block-cover__image-background wp-image-178 size-medium is-repeated\" style=\"background-position:45% 53%;background-image:url(https:\/\/arielleellia.com\/wp-content\/uploads\/2025\/07\/galerie-artelie-239x300.jpg)\"><\/div><span aria-hidden=\"true\" class=\"wp-block-cover__background has-background-dim-10 has-background-dim\"><\/span><div class=\"wp-block-cover__inner-container is-layout-flow wp-block-cover-is-layout-flow\">\n<p class=\"has-text-align-center has-large-font-size\"><a href=\"https:\/\/www.artelie.fr\/\">Galerie Artelie Paris 8<\/a><\/p>\n<\/div><\/div>\n\n\n\n<p><\/p>\n\n\n\n<p><\/p>\n\n\n\n<div class=\"wp-block-cover aligncenter is-light is-repeated has-medium-font-size wp-elements-39c8096b138416f31a414ddad28406a3 wp-duotone-unset-9\" style=\"min-height:191px;aspect-ratio:unset;\"><div role=\"img\" aria-label=\"ARIELLE ELLIA\" class=\"wp-block-cover__image-background wp-image-226 is-repeated\" style=\"background-position:50% 50%;background-image:url(https:\/\/arielleellia.com\/wp-content\/uploads\/2025\/07\/Photoroom_20250710_163813.png)\"><\/div><span aria-hidden=\"true\" class=\"wp-block-cover__background has-background-dim-10 has-background-dim\"><\/span><div class=\"wp-block-cover__inner-container is-layout-flow wp-block-cover-is-layout-flow\">\n<blockquote class=\"wp-block-quote is-layout-flow wp-block-quote-is-layout-flow\">\n<p style=\"font-size:25px\"><strong><em>La vie est mouvement, la vie est rencontre, la vie est si courte\u2026<\/em><\/strong><\/p>\n<\/blockquote>\n<\/div><\/div>\n\n\n\n<figure class=\"wp-block-image size-large\"><img loading=\"lazy\" decoding=\"async\" width=\"1024\" height=\"422\" src=\"https:\/\/arielleellia.com\/wp-content\/uploads\/2025\/07\/IMG_6012-1024x422.jpeg\" alt=\"\" class=\"wp-image-207\" srcset=\"https:\/\/arielleellia.com\/wp-content\/uploads\/2025\/07\/IMG_6012-1024x422.jpeg 1024w, https:\/\/arielleellia.com\/wp-content\/uploads\/2025\/07\/IMG_6012-300x124.jpeg 300w, https:\/\/arielleellia.com\/wp-content\/uploads\/2025\/07\/IMG_6012-768x316.jpeg 768w, https:\/\/arielleellia.com\/wp-content\/uploads\/2025\/07\/IMG_6012-1200x494.jpeg 1200w, https:\/\/arielleellia.com\/wp-content\/uploads\/2025\/07\/IMG_6012.jpeg 1284w\" sizes=\"auto, (max-width: 709px) 85vw, (max-width: 909px) 67vw, (max-width: 1362px) 62vw, 840px\" \/><\/figure>\n\n\n\n<p>Sur le plan familiale, deux filles, 4 petites filles. De bons et vrais amis, (le temps a tri\u00e9 pour moi).<\/p>\n\n\n\n<p><\/p>\n\n\n\n<p><\/p>\n","protected":false},"excerpt":{"rendered":"<p>N\u00e9e \u00e0 Montmartre (Paris) Arielle a grandi entour\u00e9e de sa famille compos\u00e9e de ses parents, de ses deux fr\u00e8res cadets ainsi que de ses grands m\u00e8res et arri\u00e8re grand m\u00e8re qui logeaient dans le m\u00eame appartement. Scolarit\u00e9 \u00e0 l\u2019\u00e9cole active Bilingue \u00e0 Paris puis 2 ans en sport \u00e9tude \u00e9quitation car passionn\u00e9e par les chevaux,, &hellip; <a href=\"https:\/\/arielleellia.com\/index.php\/bio6pro6arielleellia\/\" class=\"more-link\">Continue reading<span class=\"screen-reader-text\"> \u00ab\u00a0BIOGRAPHIE\u00a0\u00bb<\/span><\/a><\/p>\n","protected":false},"author":1,"featured_media":0,"parent":0,"menu_order":0,"comment_status":"closed","ping_status":"open","template":"","meta":{"footnotes":""},"class_list":["post-2","page","type-page","status-publish","hentry"],"_links":{"self":[{"href":"https:\/\/arielleellia.com\/index.php\/wp-json\/wp\/v2\/pages\/2","targetHints":{"allow":["GET"]}}],"collection":[{"href":"https:\/\/arielleellia.com\/index.php\/wp-json\/wp\/v2\/pages"}],"about":[{"href":"https:\/\/arielleellia.com\/index.php\/wp-json\/wp\/v2\/types\/page"}],"author":[{"embeddable":true,"href":"https:\/\/arielleellia.com\/index.php\/wp-json\/wp\/v2\/users\/1"}],"replies":[{"embeddable":true,"href":"https:\/\/arielleellia.com\/index.php\/wp-json\/wp\/v2\/comments?post=2"}],"version-history":[{"count":96,"href":"https:\/\/arielleellia.com\/index.php\/wp-json\/wp\/v2\/pages\/2\/revisions"}],"predecessor-version":[{"id":512,"href":"https:\/\/arielleellia.com\/index.php\/wp-json\/wp\/v2\/pages\/2\/revisions\/512"}],"wp:attachment":[{"href":"https:\/\/arielleellia.com\/index.php\/wp-json\/wp\/v2\/media?parent=2"}],"curies":[{"name":"wp","href":"https:\/\/api.w.org\/{rel}","templated":true}]}}